{"id":10,"date":"2025-07-02T19:20:54","date_gmt":"2025-07-02T19:20:54","guid":{"rendered":"http:\/\/grupocascadia.com.mx\/products\/"},"modified":"2025-09-19T16:49:02","modified_gmt":"2025-09-19T16:49:02","slug":"products","status":"publish","type":"page","link":"https:\/\/grupocascadia.com.mx\/?page_id=10","title":{"rendered":"SERVICIOS"},"content":{"rendered":"\n<div class=\"wp-block-uagb-separator uagb-block-c081b20d\"><div class=\"wp-block-uagb-separator__inner\" style=\"--my-background-image:\"><\/div><\/div>\n\n\n\n<div class=\"wp-block-cover has-parallax has-medium-font-size\"><div class=\"wp-block-cover__image-background wp-image-1664 size-full has-parallax\" style=\"background-position:50% 50%;background-image:url(https:\/\/grupocascadia.com.mx\/wp-content\/uploads\/2025\/09\/imagen_2025-09-10_111009213.png)\"><\/div><span aria-hidden=\"true\" class=\"wp-block-cover__background has-colibri-color-6-background-color has-background-dim\"><\/span><div class=\"wp-block-cover__inner-container is-layout-constrained wp-block-cover-is-layout-constrained\">\n<p class=\"has-text-align-center\" style=\"font-size:37px;font-style:italic;font-weight:100\">BIMLab<\/p>\n<\/div><\/div>\n\n\n\n<div class=\"wp-block-uagb-separator uagb-block-53ae987c\"><div class=\"wp-block-uagb-separator__inner\" style=\"--my-background-image:\"><\/div><\/div>\n\n\n\n<figure class=\"wp-block-gallery has-nested-images columns-default is-cropped wp-block-gallery-1 is-layout-flex wp-block-gallery-is-layout-flex\">\n<figure class=\"wp-block-image size-full\"><img loading=\"lazy\" decoding=\"async\" width=\"760\" height=\"803\" data-id=\"1817\" src=\"https:\/\/grupocascadia.com.mx\/wp-content\/uploads\/2025\/09\/imagen_2025-09-19_100731818.png\" alt=\"\" class=\"wp-image-1817\" srcset=\"https:\/\/grupocascadia.com.mx\/wp-content\/uploads\/2025\/09\/imagen_2025-09-19_100731818.png 760w, https:\/\/grupocascadia.com.mx\/wp-content\/uploads\/2025\/09\/imagen_2025-09-19_100731818-284x300.png 284w, https:\/\/grupocascadia.com.mx\/wp-content\/uploads\/2025\/09\/imagen_2025-09-19_100731818-500x528.png 500w\" sizes=\"auto, (max-width: 760px) 100vw, 760px\" \/><\/figure>\n\n\n\n<figure class=\"wp-block-image size-full is-style-default\"><img loading=\"lazy\" decoding=\"async\" width=\"673\" height=\"527\" data-id=\"1826\" src=\"https:\/\/grupocascadia.com.mx\/wp-content\/uploads\/2025\/09\/imagen_2025-09-19_101132545.png\" alt=\"\" class=\"wp-image-1826\" srcset=\"https:\/\/grupocascadia.com.mx\/wp-content\/uploads\/2025\/09\/imagen_2025-09-19_101132545.png 673w, https:\/\/grupocascadia.com.mx\/wp-content\/uploads\/2025\/09\/imagen_2025-09-19_101132545-300x235.png 300w, https:\/\/grupocascadia.com.mx\/wp-content\/uploads\/2025\/09\/imagen_2025-09-19_101132545-500x392.png 500w\" sizes=\"auto, (max-width: 673px) 100vw, 673px\" \/><\/figure>\n\n\n\n<figure class=\"wp-block-image size-full\"><img loading=\"lazy\" decoding=\"async\" width=\"735\" height=\"779\" data-id=\"1819\" src=\"https:\/\/grupocascadia.com.mx\/wp-content\/uploads\/2025\/09\/imagen_2025-09-19_100819019.png\" alt=\"\" class=\"wp-image-1819\" srcset=\"https:\/\/grupocascadia.com.mx\/wp-content\/uploads\/2025\/09\/imagen_2025-09-19_100819019.png 735w, https:\/\/grupocascadia.com.mx\/wp-content\/uploads\/2025\/09\/imagen_2025-09-19_100819019-283x300.png 283w, https:\/\/grupocascadia.com.mx\/wp-content\/uploads\/2025\/09\/imagen_2025-09-19_100819019-500x530.png 500w\" sizes=\"auto, (max-width: 735px) 100vw, 735px\" \/><\/figure>\n<\/figure>\n\n\n\n<div class=\"wp-block-uagb-separator uagb-block-4c6b6621\"><div class=\"wp-block-uagb-separator__inner\" style=\"--my-background-image:\"><\/div><\/div>\n\n\n\n<p>En <strong>BIMLab<\/strong> ofrecemos un servicio integral que combina el desarrollo de modelos BIM de alta precisi\u00f3n con la consultor\u00eda estrat\u00e9gica necesaria para optimizar la planeaci\u00f3n, coordinaci\u00f3n y ejecuci\u00f3n de proyectos. Nuestro trabajo abarca desde el modelado multidisciplinario y la generaci\u00f3n de documentaci\u00f3n ejecutiva hasta la detecci\u00f3n de interferencias y la cuantificaci\u00f3n de materiales, siempre con el objetivo de reducir riesgos, ahorrar costos y mejorar la eficiencia en obra. M\u00e1s que un modelo digital, brindamos un acompa\u00f1amiento experto que permite a desarrolladores, constructores y despachos de arquitectura contar con procesos estandarizados, mayor control y una gesti\u00f3n m\u00e1s eficiente de sus proyectos.<\/p>\n\n\n\n<div class=\"wp-block-uagb-separator uagb-block-e3389b87\"><div class=\"wp-block-uagb-separator__inner\" style=\"--my-background-image:\"><\/div><\/div>\n\n\n\n<div class=\"wp-block-cover has-parallax has-medium-font-size\"><div class=\"wp-block-cover__image-background wp-image-1637 size-full has-parallax\" style=\"background-position:50% 50%;background-image:url(https:\/\/grupocascadia.com.mx\/wp-content\/uploads\/2025\/09\/RC-CONSECUTIVO_upscale01-scaled.png)\"><\/div><span aria-hidden=\"true\" class=\"wp-block-cover__background has-colibri-color-6-background-color has-background-dim\"><\/span><div class=\"wp-block-cover__inner-container is-layout-constrained wp-block-cover-is-layout-constrained\">\n<p class=\"has-text-align-center\" style=\"font-size:37px;font-style:italic;font-weight:100\">Cascadia | Design Studio<\/p>\n<\/div><\/div>\n\n\n\n<div class=\"wp-block-uagb-separator uagb-block-0739d045\"><div class=\"wp-block-uagb-separator__inner\" style=\"--my-background-image:\"><\/div><\/div>\n\n\n\n<figure class=\"wp-block-gallery has-nested-images columns-default is-cropped wp-block-gallery-2 is-layout-flex wp-block-gallery-is-layout-flex\">\n<figure class=\"wp-block-image size-large\"><img loading=\"lazy\" decoding=\"async\" width=\"1024\" height=\"721\" data-id=\"1704\" src=\"https:\/\/grupocascadia.com.mx\/wp-content\/uploads\/2025\/09\/HABITACION-2-DEP-1_V1_PP-1024x721.png\" alt=\"\" class=\"wp-image-1704\" srcset=\"https:\/\/grupocascadia.com.mx\/wp-content\/uploads\/2025\/09\/HABITACION-2-DEP-1_V1_PP-1024x721.png 1024w, https:\/\/grupocascadia.com.mx\/wp-content\/uploads\/2025\/09\/HABITACION-2-DEP-1_V1_PP-300x211.png 300w, https:\/\/grupocascadia.com.mx\/wp-content\/uploads\/2025\/09\/HABITACION-2-DEP-1_V1_PP-768x541.png 768w, https:\/\/grupocascadia.com.mx\/wp-content\/uploads\/2025\/09\/HABITACION-2-DEP-1_V1_PP-1536x1082.png 1536w, https:\/\/grupocascadia.com.mx\/wp-content\/uploads\/2025\/09\/HABITACION-2-DEP-1_V1_PP-2048x1443.png 2048w, https:\/\/grupocascadia.com.mx\/wp-content\/uploads\/2025\/09\/HABITACION-2-DEP-1_V1_PP-500x352.png 500w, https:\/\/grupocascadia.com.mx\/wp-content\/uploads\/2025\/09\/HABITACION-2-DEP-1_V1_PP-800x564.png 800w, https:\/\/grupocascadia.com.mx\/wp-content\/uploads\/2025\/09\/HABITACION-2-DEP-1_V1_PP-1280x902.png 1280w, https:\/\/grupocascadia.com.mx\/wp-content\/uploads\/2025\/09\/HABITACION-2-DEP-1_V1_PP-1920x1353.png 1920w\" sizes=\"auto, (max-width: 1024px) 100vw, 1024px\" \/><\/figure>\n\n\n\n<figure class=\"wp-block-image size-large\"><img loading=\"lazy\" decoding=\"async\" width=\"1024\" height=\"720\" data-id=\"1723\" src=\"https:\/\/grupocascadia.com.mx\/wp-content\/uploads\/2025\/09\/HABITACION-1-DEP-1_V2-PP-ENH-1-1024x720.png\" alt=\"\" class=\"wp-image-1723\" srcset=\"https:\/\/grupocascadia.com.mx\/wp-content\/uploads\/2025\/09\/HABITACION-1-DEP-1_V2-PP-ENH-1-1024x720.png 1024w, https:\/\/grupocascadia.com.mx\/wp-content\/uploads\/2025\/09\/HABITACION-1-DEP-1_V2-PP-ENH-1-300x211.png 300w, https:\/\/grupocascadia.com.mx\/wp-content\/uploads\/2025\/09\/HABITACION-1-DEP-1_V2-PP-ENH-1-768x540.png 768w, https:\/\/grupocascadia.com.mx\/wp-content\/uploads\/2025\/09\/HABITACION-1-DEP-1_V2-PP-ENH-1-1536x1080.png 1536w, https:\/\/grupocascadia.com.mx\/wp-content\/uploads\/2025\/09\/HABITACION-1-DEP-1_V2-PP-ENH-1-500x352.png 500w, https:\/\/grupocascadia.com.mx\/wp-content\/uploads\/2025\/09\/HABITACION-1-DEP-1_V2-PP-ENH-1-800x563.png 800w, https:\/\/grupocascadia.com.mx\/wp-content\/uploads\/2025\/09\/HABITACION-1-DEP-1_V2-PP-ENH-1-1280x900.png 1280w, https:\/\/grupocascadia.com.mx\/wp-content\/uploads\/2025\/09\/HABITACION-1-DEP-1_V2-PP-ENH-1-1920x1350.png 1920w, https:\/\/grupocascadia.com.mx\/wp-content\/uploads\/2025\/09\/HABITACION-1-DEP-1_V2-PP-ENH-1.png 2048w\" sizes=\"auto, (max-width: 1024px) 100vw, 1024px\" \/><\/figure>\n\n\n\n<figure class=\"wp-block-image size-large\"><img loading=\"lazy\" decoding=\"async\" width=\"1024\" height=\"576\" data-id=\"1793\" src=\"https:\/\/grupocascadia.com.mx\/wp-content\/uploads\/2025\/09\/KVNDFRNTPP-1024x576.jpg\" alt=\"\" class=\"wp-image-1793\" srcset=\"https:\/\/grupocascadia.com.mx\/wp-content\/uploads\/2025\/09\/KVNDFRNTPP-1024x576.jpg 1024w, https:\/\/grupocascadia.com.mx\/wp-content\/uploads\/2025\/09\/KVNDFRNTPP-300x169.jpg 300w, https:\/\/grupocascadia.com.mx\/wp-content\/uploads\/2025\/09\/KVNDFRNTPP-768x432.jpg 768w, https:\/\/grupocascadia.com.mx\/wp-content\/uploads\/2025\/09\/KVNDFRNTPP-1536x864.jpg 1536w, https:\/\/grupocascadia.com.mx\/wp-content\/uploads\/2025\/09\/KVNDFRNTPP-2048x1152.jpg 2048w, https:\/\/grupocascadia.com.mx\/wp-content\/uploads\/2025\/09\/KVNDFRNTPP-500x281.jpg 500w, https:\/\/grupocascadia.com.mx\/wp-content\/uploads\/2025\/09\/KVNDFRNTPP-800x450.jpg 800w, https:\/\/grupocascadia.com.mx\/wp-content\/uploads\/2025\/09\/KVNDFRNTPP-1280x720.jpg 1280w, https:\/\/grupocascadia.com.mx\/wp-content\/uploads\/2025\/09\/KVNDFRNTPP-1920x1080.jpg 1920w\" sizes=\"auto, (max-width: 1024px) 100vw, 1024px\" \/><\/figure>\n<\/figure>\n\n\n\n<div class=\"wp-block-uagb-separator uagb-block-48e01314\"><div class=\"wp-block-uagb-separator__inner\" style=\"--my-background-image:\"><\/div><\/div>\n\n\n\n<p><strong>Cascadia | Design Studio<\/strong> es la rama creativa de Grupo Cascadia enfocada en el desarrollo de proyectos arquitect\u00f3nicos con una visi\u00f3n integral, innovadora y funcional. Nuestro estudio combina dise\u00f1o conceptual y t\u00e9cnico para transformar ideas en espacios que responden a las necesidades de cada cliente, cuidando tanto la est\u00e9tica como la viabilidad constructiva y econ\u00f3mica. A trav\u00e9s de un enfoque colaborativo, trabajamos en la creaci\u00f3n de propuestas arquitect\u00f3nicas que aportan valor al entorno, mejoran la experiencia del usuario y potencian la identidad de cada desarrollo.<\/p>\n\n\n\n<div class=\"wp-block-uagb-separator uagb-block-30e00a7c\"><div class=\"wp-block-uagb-separator__inner\" style=\"--my-background-image:\"><\/div><\/div>\n\n\n\n<div class=\"wp-block-cover has-parallax has-medium-font-size\"><div class=\"wp-block-cover__image-background wp-image-1528 size-full has-parallax\" style=\"background-position:50% 50%;background-image:url(https:\/\/grupocascadia.com.mx\/wp-content\/uploads\/2025\/09\/Captura-de-pantalla-2025-09-08-134239.png)\"><\/div><span aria-hidden=\"true\" class=\"wp-block-cover__background has-colibri-color-6-background-color has-background-dim\"><\/span><div class=\"wp-block-cover__inner-container is-layout-constrained wp-block-cover-is-layout-constrained\">\n<p class=\"has-text-align-center\" style=\"font-size:37px;font-style:italic;font-weight:100\">Proyecta+<\/p>\n<\/div><\/div>\n\n\n\n<div class=\"wp-block-uagb-separator uagb-block-6db37360\"><div class=\"wp-block-uagb-separator__inner\" style=\"--my-background-image:\"><\/div><\/div>\n\n\n\n<figure class=\"wp-block-gallery has-nested-images columns-default is-cropped wp-block-gallery-3 is-layout-flex wp-block-gallery-is-layout-flex\">\n<figure class=\"wp-block-image size-large\"><img loading=\"lazy\" decoding=\"async\" width=\"1024\" height=\"576\" data-id=\"1762\" src=\"https:\/\/grupocascadia.com.mx\/wp-content\/uploads\/2025\/09\/VISTA-AEREA-DE-SEMBRADO-1024x576.jpg\" alt=\"\" class=\"wp-image-1762\" srcset=\"https:\/\/grupocascadia.com.mx\/wp-content\/uploads\/2025\/09\/VISTA-AEREA-DE-SEMBRADO-1024x576.jpg 1024w, https:\/\/grupocascadia.com.mx\/wp-content\/uploads\/2025\/09\/VISTA-AEREA-DE-SEMBRADO-300x169.jpg 300w, https:\/\/grupocascadia.com.mx\/wp-content\/uploads\/2025\/09\/VISTA-AEREA-DE-SEMBRADO-768x432.jpg 768w, https:\/\/grupocascadia.com.mx\/wp-content\/uploads\/2025\/09\/VISTA-AEREA-DE-SEMBRADO-1536x864.jpg 1536w, https:\/\/grupocascadia.com.mx\/wp-content\/uploads\/2025\/09\/VISTA-AEREA-DE-SEMBRADO-2048x1152.jpg 2048w, https:\/\/grupocascadia.com.mx\/wp-content\/uploads\/2025\/09\/VISTA-AEREA-DE-SEMBRADO-500x281.jpg 500w, https:\/\/grupocascadia.com.mx\/wp-content\/uploads\/2025\/09\/VISTA-AEREA-DE-SEMBRADO-800x450.jpg 800w, https:\/\/grupocascadia.com.mx\/wp-content\/uploads\/2025\/09\/VISTA-AEREA-DE-SEMBRADO-1280x720.jpg 1280w, https:\/\/grupocascadia.com.mx\/wp-content\/uploads\/2025\/09\/VISTA-AEREA-DE-SEMBRADO-1920x1080.jpg 1920w\" sizes=\"auto, (max-width: 1024px) 100vw, 1024px\" \/><\/figure>\n\n\n\n<figure class=\"wp-block-image size-large\"><img loading=\"lazy\" decoding=\"async\" width=\"1024\" height=\"718\" data-id=\"1664\" src=\"https:\/\/grupocascadia.com.mx\/wp-content\/uploads\/2025\/09\/imagen_2025-09-10_111009213-1024x718.png\" alt=\"\" class=\"wp-image-1664\" srcset=\"https:\/\/grupocascadia.com.mx\/wp-content\/uploads\/2025\/09\/imagen_2025-09-10_111009213-1024x718.png 1024w, https:\/\/grupocascadia.com.mx\/wp-content\/uploads\/2025\/09\/imagen_2025-09-10_111009213-300x210.png 300w, https:\/\/grupocascadia.com.mx\/wp-content\/uploads\/2025\/09\/imagen_2025-09-10_111009213-768x538.png 768w, https:\/\/grupocascadia.com.mx\/wp-content\/uploads\/2025\/09\/imagen_2025-09-10_111009213-500x350.png 500w, https:\/\/grupocascadia.com.mx\/wp-content\/uploads\/2025\/09\/imagen_2025-09-10_111009213-800x561.png 800w, https:\/\/grupocascadia.com.mx\/wp-content\/uploads\/2025\/09\/imagen_2025-09-10_111009213.png 1086w\" sizes=\"auto, (max-width: 1024px) 100vw, 1024px\" \/><\/figure>\n\n\n\n<figure class=\"wp-block-image size-large\"><img loading=\"lazy\" decoding=\"async\" width=\"1024\" height=\"683\" data-id=\"1510\" src=\"https:\/\/grupocascadia.com.mx\/wp-content\/uploads\/2025\/09\/Render_Caseta_Cor_01_PP-2-1-1024x683.png\" alt=\"\" class=\"wp-image-1510\" srcset=\"https:\/\/grupocascadia.com.mx\/wp-content\/uploads\/2025\/09\/Render_Caseta_Cor_01_PP-2-1-1024x683.png 1024w, https:\/\/grupocascadia.com.mx\/wp-content\/uploads\/2025\/09\/Render_Caseta_Cor_01_PP-2-1-300x200.png 300w, https:\/\/grupocascadia.com.mx\/wp-content\/uploads\/2025\/09\/Render_Caseta_Cor_01_PP-2-1-768x512.png 768w, https:\/\/grupocascadia.com.mx\/wp-content\/uploads\/2025\/09\/Render_Caseta_Cor_01_PP-2-1-1536x1024.png 1536w, https:\/\/grupocascadia.com.mx\/wp-content\/uploads\/2025\/09\/Render_Caseta_Cor_01_PP-2-1-2048x1365.png 2048w, https:\/\/grupocascadia.com.mx\/wp-content\/uploads\/2025\/09\/Render_Caseta_Cor_01_PP-2-1-500x333.png 500w, https:\/\/grupocascadia.com.mx\/wp-content\/uploads\/2025\/09\/Render_Caseta_Cor_01_PP-2-1-800x533.png 800w, https:\/\/grupocascadia.com.mx\/wp-content\/uploads\/2025\/09\/Render_Caseta_Cor_01_PP-2-1-1280x853.png 1280w, https:\/\/grupocascadia.com.mx\/wp-content\/uploads\/2025\/09\/Render_Caseta_Cor_01_PP-2-1-1920x1280.png 1920w\" sizes=\"auto, (max-width: 1024px) 100vw, 1024px\" \/><\/figure>\n<\/figure>\n","protected":false},"excerpt":{"rendered":"<p>En BIMLab ofrecemos un servicio integral que combina el desarrollo de modelos BIM [&hellip;]<\/p>\n","protected":false},"author":1,"featured_media":0,"parent":0,"menu_order":0,"comment_status":"closed","ping_status":"closed","template":"","meta":{"_uag_custom_page_level_css":"","_vp_format_video_url":"","_vp_image_focal_point":[],"footnotes":""},"class_list":["post-10","page","type-page","status-publish","hentry"],"aioseo_notices":[],"uagb_featured_image_src":{"full":false,"thumbnail":false,"medium":false,"medium_large":false,"large":false,"1536x1536":false,"2048x2048":false,"vp_sm":false,"vp_md":false,"vp_lg":false,"vp_xl":false,"vp_sm_popup":false,"vp_md_popup":false,"vp_xl_popup":false,"wpvr_mobile":false},"uagb_author_info":{"display_name":"cascadia.arq@gmail.com","author_link":"https:\/\/grupocascadia.com.mx\/?author=1"},"uagb_comment_info":0,"uagb_excerpt":"En BIMLab ofrecemos un servicio integral que combina el desarrollo de modelos BIM [&hellip;]","_links":{"self":[{"href":"https:\/\/grupocascadia.com.mx\/index.php?rest_route=\/wp\/v2\/pages\/10","targetHints":{"allow":["GET"]}}],"collection":[{"href":"https:\/\/grupocascadia.com.mx\/index.php?rest_route=\/wp\/v2\/pages"}],"about":[{"href":"https:\/\/grupocascadia.com.mx\/index.php?rest_route=\/wp\/v2\/types\/page"}],"author":[{"embeddable":true,"href":"https:\/\/grupocascadia.com.mx\/index.php?rest_route=\/wp\/v2\/users\/1"}],"replies":[{"embeddable":true,"href":"https:\/\/grupocascadia.com.mx\/index.php?rest_route=%2Fwp%2Fv2%2Fcomments&post=10"}],"version-history":[{"count":30,"href":"https:\/\/grupocascadia.com.mx\/index.php?rest_route=\/wp\/v2\/pages\/10\/revisions"}],"predecessor-version":[{"id":1843,"href":"https:\/\/grupocascadia.com.mx\/index.php?rest_route=\/wp\/v2\/pages\/10\/revisions\/1843"}],"wp:attachment":[{"href":"https:\/\/grupocascadia.com.mx\/index.php?rest_route=%2Fwp%2Fv2%2Fmedia&parent=10"}],"curies":[{"name":"wp","href":"https:\/\/api.w.org\/{rel}","templated":true}]}}