{"id":494,"date":"2025-07-02T19:20:54","date_gmt":"2025-07-02T19:20:54","guid":{"rendered":"http:\/\/grupocascadia.com.mx\/home\/"},"modified":"2026-04-11T18:09:33","modified_gmt":"2026-04-11T18:09:33","slug":"home","status":"publish","type":"page","link":"https:\/\/grupocascadia.com.mx\/","title":{"rendered":"INICIO"},"content":{"rendered":"\n<div class=\"wp-block-uagb-container uagb-block-b4bdb975 alignfull uagb-is-root-container\">\n<div class=\"wp-block-uagb-info-box uagb-block-3b7e0e21 uagb-infobox__content-wrap  uagb-infobox-icon-above-title uagb-infobox-image-valign-top\"><div class=\"uagb-ifb-content\"><div class=\"uagb-ifb-title-wrap\"><h5 class=\"uagb-ifb-title-prefix\">ARQUITECTURA INTEGRAL  <\/h5><h1 class=\"uagb-ifb-title\">GRUPO CASCADIA\u200b<\/h1><\/div><\/div><\/div>\n\n\n\n<div class=\"wp-block-uagb-container uagb-block-a9605dcc alignfull uagb-is-root-container\">\n<div class=\"wp-block-uagb-info-box uagb-block-04f073f9 uagb-infobox__content-wrap  uagb-infobox-icon-above-title uagb-infobox-image-valign-top\"><div class=\"uagb-ifb-content\"><div class=\"uagb-ifb-title-wrap\"><h2 class=\"uagb-ifb-title\"><strong>Nosotros<\/strong><\/h2><\/div><p class=\"uagb-ifb-desc\">En Grupo Cascadia somos una firma integral que ofrece servicios de consultor\u00eda estrat\u00e9gica, dise\u00f1o arquitect\u00f3nico, desarrollo de proyectos de inversi\u00f3n y proyectos BIM. Nos especializamos en brindar soluciones completas que abarcan desde la planificaci\u00f3n inicial hasta la ejecuci\u00f3n y gesti\u00f3n de proyectos, adapt\u00e1ndonos a las necesidades de cada cliente y sector.<br>Nuestro equipo multidisciplinario est\u00e1 conformado por profesionales con amplia experiencia en estrategia, dise\u00f1o, ingenier\u00eda y gesti\u00f3n de inversiones, trabajando de forma colaborativa para garantizar resultados de alta calidad, eficientes y sostenibles. Gracias a nuestros proyectos BIM, optimizamos cada fase del desarrollo, mejorando la coordinaci\u00f3n, la precisi\u00f3n y la toma de decisiones.<br>En Grupo Cascadia creemos en construir relaciones de confianza a largo plazo, ofreciendo un enfoque integral y personalizado que impulsa el \u00e9xito de nuestros clientes. Estamos comprometidos con la innovaci\u00f3n, la excelencia y el desarrollo de proyectos que generen valor real y contribuyan al crecimiento de las comunidades.<\/p><\/div><\/div>\n<\/div>\n<\/div>\n\n\n\n<div class=\"wp-block-uagb-container uagb-block-2658a530 alignfull uagb-is-root-container\"><div class=\"uagb-container-inner-blocks-wrap\">\n<div class=\"wp-block-uagb-info-box uagb-block-4fcae268 uagb-infobox__content-wrap  uagb-infobox-icon-above-title uagb-infobox-image-valign-top\"><div class=\"uagb-ifb-content\"><div class=\"uagb-ifb-title-wrap\"><h5 class=\"uagb-ifb-title-prefix\">NUESTROS CLIENTES<\/h5><h2 class=\"uagb-ifb-title\">\u00bfQUIENES SON NUESTROS CLIENTES?<\/h2><\/div><\/div><\/div>\n\n\n\n<div class=\"wp-block-uagb-container uagb-block-51af8b82\">\n<div class=\"wp-block-uagb-info-box uagb-block-f5073bc7 uagb-infobox__content-wrap  uagb-infobox-icon-above-title uagb-infobox-image-valign-top\"><div class=\"uagb-ifb-content\"><div class=\"uagb-ifb-image-content\"><img decoding=\"async\" src=\"https:\/\/grupocascadia.com.mx\/wp-content\/uploads\/2025\/07\/pexels-photo-2833394-2833394-scaled-e1751914189634.jpg\" alt=\"A joyful father lifts his daughter in the air by the beach during sunset, capturing a moment of love and happiness.\" width=\"\" height=\"0\" loading=\"lazy\"\/><\/div><div class=\"uagb-ifb-title-wrap\"><h4 class=\"uagb-ifb-title\">Clientes Particulares<\/h4><\/div><p class=\"uagb-ifb-desc\">Personas que buscan materializar el proyecto de sus sue\u00f1os, ya sea una casa, una remodelaci\u00f3n o un espacio personalizado. Les brindamos soluciones arquitect\u00f3nicas y visuales que combinan funcionalidad, dise\u00f1o y tecnolog\u00eda, asegurando un proceso claro y confiable en cada etapa.<\/p><\/div><\/div>\n\n\n\n<div class=\"wp-block-uagb-info-box uagb-block-8366a9c1 uagb-infobox__content-wrap  uagb-infobox-icon-above-title uagb-infobox-image-valign-top\"><div class=\"uagb-ifb-content\"><div class=\"uagb-ifb-image-content\"><img decoding=\"async\" src=\"https:\/\/grupocascadia.com.mx\/wp-content\/uploads\/2025\/07\/pexels-photo-12902930-12902930-scaled-e1751914468665.jpg\" alt=\"Business professionals collaborating on a project in an office setting.\" width=\"\" height=\"0\" loading=\"lazy\"\/><\/div><div class=\"uagb-ifb-title-wrap\"><h4 class=\"uagb-ifb-title\">Desarrolladores Inmobiliarios<\/h4><\/div><p class=\"uagb-ifb-desc\">Empresas y profesionales que impulsan proyectos de gran escala. Aportamos nuestra experiencia en <strong>consultor\u00eda, BIM y material visual arquitect\u00f3nico y dise\u00f1o integral<\/strong> para optimizar tiempos, costos y procesos de gesti\u00f3n, al mismo tiempo que creamos presentaciones de alto impacto para el mercado.<\/p><\/div><\/div>\n\n\n\n<div class=\"wp-block-uagb-info-box uagb-block-f9a76582 uagb-infobox__content-wrap  uagb-infobox-icon-above-title uagb-infobox-image-valign-top\"><div class=\"uagb-ifb-content\"><div class=\"uagb-ifb-image-content\"><img decoding=\"async\" src=\"https:\/\/grupocascadia.com.mx\/wp-content\/uploads\/2025\/07\/pexels-photo-2102416-2102416-scaled-e1751914793813.jpg\" alt=\"A web developer working on code in a modern office setting with multiple devices.\" width=\"\" height=\"0\" loading=\"lazy\"\/><\/div><div class=\"uagb-ifb-title-wrap\"><h4 class=\"uagb-ifb-title\">Inversionistas<\/h4><\/div><p class=\"uagb-ifb-desc\">Aliados estrat\u00e9gicos que buscan maximizar el valor de sus proyectos. Les ofrecemos estudios, propuestas visuales y herramientas t\u00e9cnicas que facilitan la toma de decisiones, reducen riesgos y potencian la comercializaci\u00f3n de desarrollos residenciales, comerciales o industriales.<\/p><\/div><\/div>\n<\/div>\n<\/div><\/div>\n\n\n\n<div class=\"wp-block-uagb-container uagb-layout-flex uagb-block-af5df69f alignfull uagb-is-root-container\"><div class=\"uagb-container-inner-blocks-wrap\">\n<div class=\"wp-block-uagb-call-to-action uagb-block-d83192c0\"><div class=\"uagb-cta__wrap\"><h3 class=\"uagb-cta__title\">\u00bfTIENES ALGUNA DUDA? CONTACTANOS!<\/h3><p class=\"uagb-cta__desc\">Click here to change this text. Lorem ipsum dolor sit amet, consectetur adipiscing elit. Ut elit tellus, luctus nec ullamcorper mattis, pulvinar dapibus leo.<\/p><\/div><div class=\"uagb-cta__buttons\"><\/div><\/div>\n<\/div><\/div>\n\n\n\n<hr class=\"wp-block-separator has-alpha-channel-opacity\"\/>\n\n\n\n<div class=\"wp-block-uagb-forms uagb-forms__outer-wrap uagb-block-8985b17a uagb-forms__medium-btn\"><form class=\"uagb-forms-main-form\" method=\"post\" autocomplete=\"on\" name=\"uagb-form-8985b17a\">\n<div class=\"wp-block-uagb-forms-name uagb-forms-name-wrap uagb-forms-field-set uagb-block-6aae54e4\"><div class=\"uagb-forms-name-label required uagb-forms-input-label\" id=\"6aae54e4\">Nombre(s)<\/div><input type=\"text\" placeholder=\"-\" required class=\"uagb-forms-name-input uagb-forms-input\" name=\"6aae54e4\" autocomplete=\"given-name\"\/><\/div>\n\n\n\n<div class=\"wp-block-uagb-forms-name uagb-forms-name-wrap uagb-forms-field-set uagb-block-a9344ce5\"><div class=\"uagb-forms-name-label required uagb-forms-input-label\" id=\"a9344ce5\">Apellido<\/div><input type=\"text\" placeholder=\"-\" required class=\"uagb-forms-name-input uagb-forms-input\" name=\"a9344ce5\" autocomplete=\"family-name\"\/><\/div>\n\n\n\n<div class=\"wp-block-uagb-forms-email uagb-forms-email-wrap uagb-forms-field-set uagb-block-2cde2bf3\"><div class=\"uagb-forms-email-label required uagb-forms-input-label\" id=\"2cde2bf3\">Email<\/div><input type=\"email\" class=\"uagb-forms-email-input uagb-forms-input\" placeholder=\"example@mail.com\" required name=\"2cde2bf3\" autocomplete=\"email\"\/><\/div>\n\n\n\n<div class=\"wp-block-uagb-forms-textarea uagb-forms-textarea-wrap uagb-forms-field-set uagb-block-d320912b\"><div class=\"uagb-forms-textarea-label required uagb-forms-input-label\" id=\"d320912b\">Mensaje<\/div><textarea required class=\"uagb-forms-textarea-input uagb-forms-input\" rows=\"4\" placeholder=\"MENSAJE\" name=\"d320912b\" autocomplete=\"off\"><\/textarea><\/div>\n<div class=\"uagb-forms-form-hidden-data\"><input type=\"hidden\" class=\"uagb_forms_form_label\" value=\"Spectra Form\"\/><input type=\"hidden\" class=\"uagb_forms_form_id\" value=\"uagb-form-8985b17a\"\/><\/div><div class=\"uagb-form-reacaptcha-error-8985b17a\"><\/div><div class=\"uagb-forms-main-submit-button-wrap wp-block-button\"><button class=\"uagb-forms-main-submit-button wp-block-button__link\"><div class=\"uagb-forms-main-submit-button-text\">Submit<\/div><\/button><\/div><\/form><div class=\"uagb-forms-success-message-8985b17a uagb-forms-submit-message-hide\"><span>The form has been submitted successfully!<\/span><\/div><div class=\"uagb-forms-failed-message-8985b17a uagb-forms-submit-message-hide\"><span>There has been some error while submitting the form. Please verify all form fields again.<\/span><\/div><\/div>\n","protected":false},"excerpt":{"rendered":"<p> [&hellip;]<\/p>\n","protected":false},"author":1,"featured_media":0,"parent":0,"menu_order":0,"comment_status":"closed","ping_status":"closed","template":"","meta":{"_uag_custom_page_level_css":"","_vp_format_video_url":"","_vp_image_focal_point":[],"footnotes":""},"class_list":["post-494","page","type-page","status-publish","hentry"],"aioseo_notices":[],"uagb_featured_image_src":{"full":false,"thumbnail":false,"medium":false,"medium_large":false,"large":false,"1536x1536":false,"2048x2048":false,"vp_sm":false,"vp_md":false,"vp_lg":false,"vp_xl":false,"vp_sm_popup":false,"vp_md_popup":false,"vp_xl_popup":false,"wpvr_mobile":false},"uagb_author_info":{"display_name":"cascadia.arq@gmail.com","author_link":"https:\/\/grupocascadia.com.mx\/?author=1"},"uagb_comment_info":0,"uagb_excerpt":"[&hellip;]","_links":{"self":[{"href":"https:\/\/grupocascadia.com.mx\/index.php?rest_route=\/wp\/v2\/pages\/494","targetHints":{"allow":["GET"]}}],"collection":[{"href":"https:\/\/grupocascadia.com.mx\/index.php?rest_route=\/wp\/v2\/pages"}],"about":[{"href":"https:\/\/grupocascadia.com.mx\/index.php?rest_route=\/wp\/v2\/types\/page"}],"author":[{"embeddable":true,"href":"https:\/\/grupocascadia.com.mx\/index.php?rest_route=\/wp\/v2\/users\/1"}],"replies":[{"embeddable":true,"href":"https:\/\/grupocascadia.com.mx\/index.php?rest_route=%2Fwp%2Fv2%2Fcomments&post=494"}],"version-history":[{"count":24,"href":"https:\/\/grupocascadia.com.mx\/index.php?rest_route=\/wp\/v2\/pages\/494\/revisions"}],"predecessor-version":[{"id":1849,"href":"https:\/\/grupocascadia.com.mx\/index.php?rest_route=\/wp\/v2\/pages\/494\/revisions\/1849"}],"wp:attachment":[{"href":"https:\/\/grupocascadia.com.mx\/index.php?rest_route=%2Fwp%2Fv2%2Fmedia&parent=494"}],"curies":[{"name":"wp","href":"https:\/\/api.w.org\/{rel}","templated":true}]}}