{"id":9,"date":"2025-07-02T19:20:54","date_gmt":"2025-07-02T19:20:54","guid":{"rendered":"http:\/\/grupocascadia.com.mx\/about\/"},"modified":"2026-04-11T18:03:40","modified_gmt":"2026-04-11T18:03:40","slug":"about","status":"publish","type":"page","link":"https:\/\/grupocascadia.com.mx\/?page_id=9","title":{"rendered":"NOSOTROS"},"content":{"rendered":"\n<div class=\"wp-block-uagb-container uagb-layout-grid uagb-block-32e874b4 alignfull uagb-is-root-container\"><div class=\"uagb-container-inner-blocks-wrap\">\n<div class=\"wp-block-uagb-info-box uagb-block-fbae65f3 uagb-infobox__content-wrap  uagb-infobox-icon-above-title uagb-infobox-image-valign-top\"><div class=\"uagb-ifb-content\"><div class=\"uagb-ifb-title-wrap\"><h5 class=\"uagb-ifb-title-prefix\">Arquitectura Integral de alta calidad<\/h5><h2 class=\"uagb-ifb-title\">Encontramos la soluci\u00f3n a tus necesidades.<\/h2><\/div><\/div><\/div>\n\n\n\n<div class=\"wp-block-uagb-info-box uagb-block-54f3395c uagb-infobox__content-wrap  uagb-infobox-icon-above-title uagb-infobox-image-valign-top\"><div class=\"uagb-ifb-content\"><div class=\"uagb-ifb-title-wrap\"><h3 class=\"uagb-ifb-title\">Optimizaci\u00f3n y Comercializaci\u00f3n de Proyectos Arquitect\u00f3nicos.<\/h3><\/div><p class=\"uagb-ifb-desc\">En Grupo Cascadia, colaboramos estrechamente con desarrolladores para mejorar la calidad integral de sus proyectos e incrementar su potencial de ventas. Nuestro compromiso es brindar soluciones que optimicen cada etapa del desarrollo inmobiliario, mediante herramientas tecnol\u00f3gicas avanzadas y material visual de alta calidad.<\/p><\/div><\/div>\n<\/div><\/div>\n\n\n\n<p><\/p>\n\n\n\n<div class=\"wp-block-uagb-container uagb-block-6be40f00 alignfull uagb-is-root-container\"><div class=\"uagb-container-inner-blocks-wrap\">\n<div class=\"wp-block-uagb-container uagb-layout-grid uagb-block-f4b0440c\">\n<div class=\"wp-block-group is-nowrap is-layout-flex wp-container-core-group-is-layout-ad2f72ca wp-block-group-is-layout-flex\">\n<div class=\"wp-block-uagb-info-box uagb-block-e7c5835b uagb-infobox__content-wrap  uagb-infobox-icon-above-title uagb-infobox-image-valign-top\"><div class=\"uagb-ifb-content\"><div class=\"uagb-ifb-title-wrap\"><h2 class=\"uagb-ifb-title\">Experiencia que retrata calidad<\/h2><\/div><\/div><\/div>\n<\/div>\n\n\n\n<div class=\"wp-block-group is-nowrap is-layout-flex wp-container-core-group-is-layout-ad2f72ca wp-block-group-is-layout-flex\">\n<div class=\"wp-block-uagb-counter uagb-block-24a0b4ad wp-block-uagb-counter--number\"><div class=\"wp-block-uagb-counter__number\"><span class=\"uagb-counter-block-prefix\">+<\/span><span class=\"uagb-counter-block-number\" data-duration=\"2\" data-to-value=\"300\" data-from-value=\"0\" data-delimiter=\",\"><\/span><span class=\"uagb-counter-block-suffix\">K<\/span><\/div><div class=\"wp-block-uagb-counter__title\">m2 Dise\u00f1ados<\/div><\/div>\n<\/div>\n\n\n\n<div class=\"wp-block-uagb-counter uagb-block-604bbe6f wp-block-uagb-counter--number\"><div class=\"wp-block-uagb-counter__number\"><span class=\"uagb-counter-block-prefix\">+<\/span><span class=\"uagb-counter-block-number\" data-duration=\"2\" data-to-value=\"25\" data-from-value=\"0\" data-delimiter=\",\"><\/span><\/div><div class=\"wp-block-uagb-counter__title\">Proyectos anuales<\/div><\/div>\n<\/div>\n<\/div><\/div>\n\n\n<div class=\"wp-block-visual-portfolio alignwide\">\n<div class=\"vp-portfolio vp-uid-00b601b5 vp-id-Z1arYf1\"\n\tdata-vp-layout=\"tiles\" data-vp-content-source=\"images\" data-vp-items-style=\"fade\" data-vp-items-click-action=\"url\" data-vp-items-gap=\"5\" data-vp-items-gap-vertical=\"7\" data-vp-pagination=\"load-more\" data-vp-next-page-url=\"\" data-vp-tiles-type=\"3|1,1|\" >\n\t<div class=\"vp-portfolio__preloader-wrap\">\n\t\t<div class=\"vp-portfolio__preloader\">\n\t\t\t<img decoding=\"async\" loading=\"eager\" src=\"https:\/\/grupocascadia.com.mx\/wp-content\/plugins\/visual-portfolio\/assets\/images\/logo-dark.svg\" alt=\"Visual Portfolio, Posts &amp; Image Gallery for WordPress\" width=\"20\" height=\"20\" data-skip-lazy>\n\t\t<\/div>\n\t<\/div>\n\t\t<div class=\"vp-portfolio__items-wrap\">\n\t\t\t\n<div class=\"vp-portfolio__items vp-portfolio__items-style-fade vp-portfolio__items-show-overlay-hover\">\n\n\t\t<div\t\tclass=\"vp-portfolio__item-wrap vp-portfolio__item-uid-e7584f15\" data-vp-filter=\"\" \t\t>\n\t\t\t\t\t\t\t\t\t<figure class=\"vp-portfolio__item\">\n\t\t\t\t\n<div class=\"vp-portfolio__item-img-wrap\">\n\t<div class=\"vp-portfolio__item-img\">\n\t\t\t<a\n\t\thref=\"https:\/\/grupocascadia.com.mx\/wp-content\/uploads\/2025\/09\/Captura-de-pantalla-2025-09-08-134611.png\"\n\t\t\t>\n\t\n\t\t<noscript><img loading=\"lazy\" decoding=\"async\" width=\"1067\" height=\"733\" data-skip-lazy src=\"https:\/\/grupocascadia.com.mx\/wp-content\/uploads\/2025\/09\/Captura-de-pantalla-2025-09-08-134611.png\" class=\"wp-image-1525\" alt=\"\" srcset=\"https:\/\/grupocascadia.com.mx\/wp-content\/uploads\/2025\/09\/Captura-de-pantalla-2025-09-08-134611.png 1067w, https:\/\/grupocascadia.com.mx\/wp-content\/uploads\/2025\/09\/Captura-de-pantalla-2025-09-08-134611-300x206.png 300w, https:\/\/grupocascadia.com.mx\/wp-content\/uploads\/2025\/09\/Captura-de-pantalla-2025-09-08-134611-1024x703.png 1024w, https:\/\/grupocascadia.com.mx\/wp-content\/uploads\/2025\/09\/Captura-de-pantalla-2025-09-08-134611-768x528.png 768w, https:\/\/grupocascadia.com.mx\/wp-content\/uploads\/2025\/09\/Captura-de-pantalla-2025-09-08-134611-500x343.png 500w, https:\/\/grupocascadia.com.mx\/wp-content\/uploads\/2025\/09\/Captura-de-pantalla-2025-09-08-134611-800x550.png 800w\" sizes=\"auto, (max-width: 1067px) 100vw, 1067px\" \/><\/noscript><img fetchpriority=\"high\" decoding=\"async\" width=\"1067\" height=\"733\" src=\"https:\/\/grupocascadia.com.mx\/wp-content\/uploads\/2025\/09\/Captura-de-pantalla-2025-09-08-134611.png\" class=\"wp-image-1525 vp-lazyload\" alt srcset=\"data:image\/svg+xml;base64,PHN2ZyB3aWR0aD0iMTA2NyIgaGVpZ2h0PSI3MzMiIHZpZXdCb3g9IjAgMCAxMDY3IDczMyIgZmlsbD0ibm9uZSIgeG1sbnM9Imh0dHA6Ly93d3cudzMub3JnLzIwMDAvc3ZnIj48L3N2Zz4=\" data-src=\"https:\/\/grupocascadia.com.mx\/wp-content\/uploads\/2025\/09\/Captura-de-pantalla-2025-09-08-134611.png\" data-srcset=\"https:\/\/grupocascadia.com.mx\/wp-content\/uploads\/2025\/09\/Captura-de-pantalla-2025-09-08-134611.png 1067w, https:\/\/grupocascadia.com.mx\/wp-content\/uploads\/2025\/09\/Captura-de-pantalla-2025-09-08-134611-300x206.png 300w, https:\/\/grupocascadia.com.mx\/wp-content\/uploads\/2025\/09\/Captura-de-pantalla-2025-09-08-134611-1024x703.png 1024w, https:\/\/grupocascadia.com.mx\/wp-content\/uploads\/2025\/09\/Captura-de-pantalla-2025-09-08-134611-768x528.png 768w, https:\/\/grupocascadia.com.mx\/wp-content\/uploads\/2025\/09\/Captura-de-pantalla-2025-09-08-134611-500x343.png 500w, https:\/\/grupocascadia.com.mx\/wp-content\/uploads\/2025\/09\/Captura-de-pantalla-2025-09-08-134611-800x550.png 800w\" data-sizes=\"auto\" loading=\"eager\" alt=\"\" \/>\n\t\t<\/a>\t<\/div>\n<\/div>\n\t<div class=\"vp-portfolio__item-overlay\">\n\t\t\t<a\n\t\thref=\"https:\/\/grupocascadia.com.mx\/wp-content\/uploads\/2025\/09\/Captura-de-pantalla-2025-09-08-134611.png\"\n\t\ttabindex=\"-1\" class=\"vp-portfolio__item-meta\" \t>\n\t\t\t<\/a>\t<\/div>\n\t\t\t\t<\/figure>\n\t\t\t\t\t<\/div>\n\t\t\n\t\t<div\t\tclass=\"vp-portfolio__item-wrap vp-portfolio__item-uid-4f09e5cf\" data-vp-filter=\"\" \t\t>\n\t\t\t\t\t\t\t\t\t<figure class=\"vp-portfolio__item\">\n\t\t\t\t\n<div class=\"vp-portfolio__item-img-wrap\">\n\t<div class=\"vp-portfolio__item-img\">\n\t\t\t<a\n\t\thref=\"https:\/\/grupocascadia.com.mx\/wp-content\/uploads\/2025\/09\/Fachada_Mod_02_V3_PP-scaled.png\"\n\t\t\t>\n\t\n\t\t<noscript><img loading=\"lazy\" decoding=\"async\" width=\"1920\" height=\"1920\" data-skip-lazy src=\"https:\/\/grupocascadia.com.mx\/wp-content\/uploads\/2025\/09\/Fachada_Mod_02_V3_PP-scaled.png\" class=\"wp-image-1494\" alt=\"\" srcset=\"https:\/\/grupocascadia.com.mx\/wp-content\/uploads\/2025\/09\/Fachada_Mod_02_V3_PP-scaled.png 2560w, https:\/\/grupocascadia.com.mx\/wp-content\/uploads\/2025\/09\/Fachada_Mod_02_V3_PP-300x300.png 300w\" sizes=\"auto, (max-width: 1920px) 100vw, 1920px\" \/><\/noscript><img decoding=\"async\" width=\"1920\" height=\"1920\" src=\"https:\/\/grupocascadia.com.mx\/wp-content\/uploads\/2025\/09\/Fachada_Mod_02_V3_PP-scaled.png\" class=\"wp-image-1494 vp-lazyload\" alt srcset=\"data:image\/svg+xml;base64,PHN2ZyB3aWR0aD0iMTkyMCIgaGVpZ2h0PSIxOTIwIiB2aWV3Qm94PSIwIDAgMTkyMCAxOTIwIiBmaWxsPSJub25lIiB4bWxucz0iaHR0cDovL3d3dy53My5vcmcvMjAwMC9zdmciPjwvc3ZnPg==\" data-src=\"https:\/\/grupocascadia.com.mx\/wp-content\/uploads\/2025\/09\/Fachada_Mod_02_V3_PP-scaled.png\" data-srcset=\"https:\/\/grupocascadia.com.mx\/wp-content\/uploads\/2025\/09\/Fachada_Mod_02_V3_PP-scaled.png 2560w, https:\/\/grupocascadia.com.mx\/wp-content\/uploads\/2025\/09\/Fachada_Mod_02_V3_PP-300x300.png 300w\" data-sizes=\"auto\" loading=\"eager\" alt=\"\" \/>\n\t\t<\/a>\t<\/div>\n<\/div>\n\t<div class=\"vp-portfolio__item-overlay\">\n\t\t\t<a\n\t\thref=\"https:\/\/grupocascadia.com.mx\/wp-content\/uploads\/2025\/09\/Fachada_Mod_02_V3_PP-scaled.png\"\n\t\ttabindex=\"-1\" class=\"vp-portfolio__item-meta\" \t>\n\t\t\t<\/a>\t<\/div>\n\t\t\t\t<\/figure>\n\t\t\t\t\t<\/div>\n\t\t\n\t\t<div\t\tclass=\"vp-portfolio__item-wrap vp-portfolio__item-uid-e6a7fe33\" data-vp-filter=\"\" \t\t>\n\t\t\t\t\t\t\t\t\t<figure class=\"vp-portfolio__item\">\n\t\t\t\t\n<div class=\"vp-portfolio__item-img-wrap\">\n\t<div class=\"vp-portfolio__item-img\">\n\t\t\t<a\n\t\thref=\"https:\/\/grupocascadia.com.mx\/wp-content\/uploads\/2025\/09\/RENDER_PLAZA_V1_PP-1920x855.png\"\n\t\t\t>\n\t\n\t\t<noscript><img loading=\"lazy\" decoding=\"async\" width=\"1920\" height=\"855\" data-skip-lazy src=\"https:\/\/grupocascadia.com.mx\/wp-content\/uploads\/2025\/09\/RENDER_PLAZA_V1_PP-1920x855.png\" class=\"wp-image-1496\" alt=\"\" srcset=\"https:\/\/grupocascadia.com.mx\/wp-content\/uploads\/2025\/09\/RENDER_PLAZA_V1_PP-1920x855.png 1920w, https:\/\/grupocascadia.com.mx\/wp-content\/uploads\/2025\/09\/RENDER_PLAZA_V1_PP-300x134.png 300w, https:\/\/grupocascadia.com.mx\/wp-content\/uploads\/2025\/09\/RENDER_PLAZA_V1_PP-1024x456.png 1024w, https:\/\/grupocascadia.com.mx\/wp-content\/uploads\/2025\/09\/RENDER_PLAZA_V1_PP-768x342.png 768w, https:\/\/grupocascadia.com.mx\/wp-content\/uploads\/2025\/09\/RENDER_PLAZA_V1_PP-1536x684.png 1536w, https:\/\/grupocascadia.com.mx\/wp-content\/uploads\/2025\/09\/RENDER_PLAZA_V1_PP-2048x912.png 2048w, https:\/\/grupocascadia.com.mx\/wp-content\/uploads\/2025\/09\/RENDER_PLAZA_V1_PP-500x223.png 500w, https:\/\/grupocascadia.com.mx\/wp-content\/uploads\/2025\/09\/RENDER_PLAZA_V1_PP-800x356.png 800w, https:\/\/grupocascadia.com.mx\/wp-content\/uploads\/2025\/09\/RENDER_PLAZA_V1_PP-1280x570.png 1280w\" sizes=\"auto, (max-width: 1920px) 100vw, 1920px\" \/><\/noscript><img decoding=\"async\" width=\"1920\" height=\"855\" src=\"https:\/\/grupocascadia.com.mx\/wp-content\/uploads\/2025\/09\/RENDER_PLAZA_V1_PP-1920x855.png\" class=\"wp-image-1496 vp-lazyload\" alt srcset=\"data:image\/svg+xml;base64,PHN2ZyB3aWR0aD0iMTkyMCIgaGVpZ2h0PSI4NTUiIHZpZXdCb3g9IjAgMCAxOTIwIDg1NSIgZmlsbD0ibm9uZSIgeG1sbnM9Imh0dHA6Ly93d3cudzMub3JnLzIwMDAvc3ZnIj48L3N2Zz4=\" data-src=\"https:\/\/grupocascadia.com.mx\/wp-content\/uploads\/2025\/09\/RENDER_PLAZA_V1_PP-1920x855.png\" data-srcset=\"https:\/\/grupocascadia.com.mx\/wp-content\/uploads\/2025\/09\/RENDER_PLAZA_V1_PP-1920x855.png 1920w, https:\/\/grupocascadia.com.mx\/wp-content\/uploads\/2025\/09\/RENDER_PLAZA_V1_PP-300x134.png 300w, https:\/\/grupocascadia.com.mx\/wp-content\/uploads\/2025\/09\/RENDER_PLAZA_V1_PP-1024x456.png 1024w, https:\/\/grupocascadia.com.mx\/wp-content\/uploads\/2025\/09\/RENDER_PLAZA_V1_PP-768x342.png 768w, https:\/\/grupocascadia.com.mx\/wp-content\/uploads\/2025\/09\/RENDER_PLAZA_V1_PP-1536x684.png 1536w, https:\/\/grupocascadia.com.mx\/wp-content\/uploads\/2025\/09\/RENDER_PLAZA_V1_PP-2048x912.png 2048w, https:\/\/grupocascadia.com.mx\/wp-content\/uploads\/2025\/09\/RENDER_PLAZA_V1_PP-500x223.png 500w, https:\/\/grupocascadia.com.mx\/wp-content\/uploads\/2025\/09\/RENDER_PLAZA_V1_PP-800x356.png 800w, https:\/\/grupocascadia.com.mx\/wp-content\/uploads\/2025\/09\/RENDER_PLAZA_V1_PP-1280x570.png 1280w\" data-sizes=\"auto\" loading=\"eager\" alt=\"\" \/>\n\t\t<\/a>\t<\/div>\n<\/div>\n\t<div class=\"vp-portfolio__item-overlay\">\n\t\t\t<a\n\t\thref=\"https:\/\/grupocascadia.com.mx\/wp-content\/uploads\/2025\/09\/RENDER_PLAZA_V1_PP-1920x855.png\"\n\t\ttabindex=\"-1\" class=\"vp-portfolio__item-meta\" \t>\n\t\t\t<\/a>\t<\/div>\n\t\t\t\t<\/figure>\n\t\t\t\t\t<\/div>\n\t\t\n\t\t<div\t\tclass=\"vp-portfolio__item-wrap vp-portfolio__item-uid-bf4caaaa\" data-vp-filter=\"\" \t\t>\n\t\t\t\t\t\t\t\t\t<figure class=\"vp-portfolio__item\">\n\t\t\t\t\n<div class=\"vp-portfolio__item-img-wrap\">\n\t<div class=\"vp-portfolio__item-img\">\n\t\t\t<a\n\t\thref=\"https:\/\/grupocascadia.com.mx\/wp-content\/uploads\/2025\/08\/Copia-de-Copia-de-Copia-de-Copia-de-Sin-titulo-90-x-60-cm-Presentacion-1.png\"\n\t\t\t>\n\t\n\t\t<noscript><img loading=\"lazy\" decoding=\"async\" width=\"1920\" height=\"1080\" data-skip-lazy src=\"https:\/\/grupocascadia.com.mx\/wp-content\/uploads\/2025\/08\/Copia-de-Copia-de-Copia-de-Copia-de-Sin-titulo-90-x-60-cm-Presentacion-1.png\" class=\"wp-image-1431\" alt=\"\" srcset=\"https:\/\/grupocascadia.com.mx\/wp-content\/uploads\/2025\/08\/Copia-de-Copia-de-Copia-de-Copia-de-Sin-titulo-90-x-60-cm-Presentacion-1.png 1920w, https:\/\/grupocascadia.com.mx\/wp-content\/uploads\/2025\/08\/Copia-de-Copia-de-Copia-de-Copia-de-Sin-titulo-90-x-60-cm-Presentacion-1-300x169.png 300w, https:\/\/grupocascadia.com.mx\/wp-content\/uploads\/2025\/08\/Copia-de-Copia-de-Copia-de-Copia-de-Sin-titulo-90-x-60-cm-Presentacion-1-1024x576.png 1024w, https:\/\/grupocascadia.com.mx\/wp-content\/uploads\/2025\/08\/Copia-de-Copia-de-Copia-de-Copia-de-Sin-titulo-90-x-60-cm-Presentacion-1-768x432.png 768w, https:\/\/grupocascadia.com.mx\/wp-content\/uploads\/2025\/08\/Copia-de-Copia-de-Copia-de-Copia-de-Sin-titulo-90-x-60-cm-Presentacion-1-1536x864.png 1536w\" sizes=\"auto, (max-width: 1920px) 100vw, 1920px\" \/><\/noscript><img decoding=\"async\" width=\"1920\" height=\"1080\" src=\"https:\/\/grupocascadia.com.mx\/wp-content\/uploads\/2025\/08\/Copia-de-Copia-de-Copia-de-Copia-de-Sin-titulo-90-x-60-cm-Presentacion-1.png\" class=\"wp-image-1431 vp-lazyload\" alt srcset=\"data:image\/svg+xml;base64,PHN2ZyB3aWR0aD0iMTkyMCIgaGVpZ2h0PSIxMDgwIiB2aWV3Qm94PSIwIDAgMTkyMCAxMDgwIiBmaWxsPSJub25lIiB4bWxucz0iaHR0cDovL3d3dy53My5vcmcvMjAwMC9zdmciPjwvc3ZnPg==\" data-src=\"https:\/\/grupocascadia.com.mx\/wp-content\/uploads\/2025\/08\/Copia-de-Copia-de-Copia-de-Copia-de-Sin-titulo-90-x-60-cm-Presentacion-1.png\" data-srcset=\"https:\/\/grupocascadia.com.mx\/wp-content\/uploads\/2025\/08\/Copia-de-Copia-de-Copia-de-Copia-de-Sin-titulo-90-x-60-cm-Presentacion-1.png 1920w, https:\/\/grupocascadia.com.mx\/wp-content\/uploads\/2025\/08\/Copia-de-Copia-de-Copia-de-Copia-de-Sin-titulo-90-x-60-cm-Presentacion-1-300x169.png 300w, https:\/\/grupocascadia.com.mx\/wp-content\/uploads\/2025\/08\/Copia-de-Copia-de-Copia-de-Copia-de-Sin-titulo-90-x-60-cm-Presentacion-1-1024x576.png 1024w, https:\/\/grupocascadia.com.mx\/wp-content\/uploads\/2025\/08\/Copia-de-Copia-de-Copia-de-Copia-de-Sin-titulo-90-x-60-cm-Presentacion-1-768x432.png 768w, https:\/\/grupocascadia.com.mx\/wp-content\/uploads\/2025\/08\/Copia-de-Copia-de-Copia-de-Copia-de-Sin-titulo-90-x-60-cm-Presentacion-1-1536x864.png 1536w\" data-sizes=\"auto\" loading=\"eager\" alt=\"\" \/>\n\t\t<\/a>\t<\/div>\n<\/div>\n\t<div class=\"vp-portfolio__item-overlay\">\n\t\t\t<a\n\t\thref=\"https:\/\/grupocascadia.com.mx\/wp-content\/uploads\/2025\/08\/Copia-de-Copia-de-Copia-de-Copia-de-Sin-titulo-90-x-60-cm-Presentacion-1.png\"\n\t\ttabindex=\"-1\" class=\"vp-portfolio__item-meta\" \t>\n\t\t\t<\/a>\t<\/div>\n\t\t\t\t<\/figure>\n\t\t\t\t\t<\/div>\n\t\t\n\t\t<div\t\tclass=\"vp-portfolio__item-wrap vp-portfolio__item-uid-8e5f2694\" data-vp-filter=\"\" \t\t>\n\t\t\t\t\t\t\t\t\t<figure class=\"vp-portfolio__item\">\n\t\t\t\t\n<div class=\"vp-portfolio__item-img-wrap\">\n\t<div class=\"vp-portfolio__item-img\">\n\t\t\t<a\n\t\thref=\"https:\/\/grupocascadia.com.mx\/wp-content\/uploads\/2025\/09\/V1_CC_COR_01_PP-scaled.png\"\n\t\t\t>\n\t\n\t\t<noscript><img loading=\"lazy\" decoding=\"async\" width=\"1920\" height=\"1920\" data-skip-lazy src=\"https:\/\/grupocascadia.com.mx\/wp-content\/uploads\/2025\/09\/V1_CC_COR_01_PP-scaled.png\" class=\"wp-image-1498\" alt=\"\" srcset=\"https:\/\/grupocascadia.com.mx\/wp-content\/uploads\/2025\/09\/V1_CC_COR_01_PP-scaled.png 2560w, https:\/\/grupocascadia.com.mx\/wp-content\/uploads\/2025\/09\/V1_CC_COR_01_PP-300x300.png 300w, https:\/\/grupocascadia.com.mx\/wp-content\/uploads\/2025\/09\/V1_CC_COR_01_PP-1024x1024.png 1024w, https:\/\/grupocascadia.com.mx\/wp-content\/uploads\/2025\/09\/V1_CC_COR_01_PP-150x150.png 150w, https:\/\/grupocascadia.com.mx\/wp-content\/uploads\/2025\/09\/V1_CC_COR_01_PP-768x768.png 768w\" sizes=\"auto, (max-width: 1920px) 100vw, 1920px\" \/><\/noscript><img decoding=\"async\" width=\"1920\" height=\"1920\" src=\"https:\/\/grupocascadia.com.mx\/wp-content\/uploads\/2025\/09\/V1_CC_COR_01_PP-scaled.png\" class=\"wp-image-1498 vp-lazyload\" alt srcset=\"data:image\/svg+xml;base64,PHN2ZyB3aWR0aD0iMTkyMCIgaGVpZ2h0PSIxOTIwIiB2aWV3Qm94PSIwIDAgMTkyMCAxOTIwIiBmaWxsPSJub25lIiB4bWxucz0iaHR0cDovL3d3dy53My5vcmcvMjAwMC9zdmciPjwvc3ZnPg==\" data-src=\"https:\/\/grupocascadia.com.mx\/wp-content\/uploads\/2025\/09\/V1_CC_COR_01_PP-scaled.png\" data-srcset=\"https:\/\/grupocascadia.com.mx\/wp-content\/uploads\/2025\/09\/V1_CC_COR_01_PP-scaled.png 2560w, https:\/\/grupocascadia.com.mx\/wp-content\/uploads\/2025\/09\/V1_CC_COR_01_PP-300x300.png 300w, https:\/\/grupocascadia.com.mx\/wp-content\/uploads\/2025\/09\/V1_CC_COR_01_PP-1024x1024.png 1024w, https:\/\/grupocascadia.com.mx\/wp-content\/uploads\/2025\/09\/V1_CC_COR_01_PP-150x150.png 150w, https:\/\/grupocascadia.com.mx\/wp-content\/uploads\/2025\/09\/V1_CC_COR_01_PP-768x768.png 768w\" data-sizes=\"auto\" loading=\"eager\" alt=\"\" \/>\n\t\t<\/a>\t<\/div>\n<\/div>\n\t<div class=\"vp-portfolio__item-overlay\">\n\t\t\t<a\n\t\thref=\"https:\/\/grupocascadia.com.mx\/wp-content\/uploads\/2025\/09\/V1_CC_COR_01_PP-scaled.png\"\n\t\ttabindex=\"-1\" class=\"vp-portfolio__item-meta\" \t>\n\t\t\t<\/a>\t<\/div>\n\t\t\t\t<\/figure>\n\t\t\t\t\t<\/div>\n\t\t\n\t\t<div\t\tclass=\"vp-portfolio__item-wrap vp-portfolio__item-uid-cd8e7399\" data-vp-filter=\"\" \t\t>\n\t\t\t\t\t\t\t\t\t<figure class=\"vp-portfolio__item\">\n\t\t\t\t\n<div class=\"vp-portfolio__item-img-wrap\">\n\t<div class=\"vp-portfolio__item-img\">\n\t\t\t<a\n\t\thref=\"https:\/\/grupocascadia.com.mx\/wp-content\/uploads\/2025\/09\/Fachada_Mod_01_V2_P-scaled.png\"\n\t\t\t>\n\t\n\t\t<noscript><img loading=\"lazy\" decoding=\"async\" width=\"1920\" height=\"1920\" data-skip-lazy src=\"https:\/\/grupocascadia.com.mx\/wp-content\/uploads\/2025\/09\/Fachada_Mod_01_V2_P-scaled.png\" class=\"wp-image-1495\" alt=\"\" srcset=\"https:\/\/grupocascadia.com.mx\/wp-content\/uploads\/2025\/09\/Fachada_Mod_01_V2_P-scaled.png 2560w, https:\/\/grupocascadia.com.mx\/wp-content\/uploads\/2025\/09\/Fachada_Mod_01_V2_P-300x300.png 300w\" sizes=\"auto, (max-width: 1920px) 100vw, 1920px\" \/><\/noscript><img decoding=\"async\" width=\"1920\" height=\"1920\" src=\"https:\/\/grupocascadia.com.mx\/wp-content\/uploads\/2025\/09\/Fachada_Mod_01_V2_P-scaled.png\" class=\"wp-image-1495 vp-lazyload\" alt srcset=\"data:image\/svg+xml;base64,PHN2ZyB3aWR0aD0iMTkyMCIgaGVpZ2h0PSIxOTIwIiB2aWV3Qm94PSIwIDAgMTkyMCAxOTIwIiBmaWxsPSJub25lIiB4bWxucz0iaHR0cDovL3d3dy53My5vcmcvMjAwMC9zdmciPjwvc3ZnPg==\" data-src=\"https:\/\/grupocascadia.com.mx\/wp-content\/uploads\/2025\/09\/Fachada_Mod_01_V2_P-scaled.png\" data-srcset=\"https:\/\/grupocascadia.com.mx\/wp-content\/uploads\/2025\/09\/Fachada_Mod_01_V2_P-scaled.png 2560w, https:\/\/grupocascadia.com.mx\/wp-content\/uploads\/2025\/09\/Fachada_Mod_01_V2_P-300x300.png 300w\" data-sizes=\"auto\" loading=\"eager\" alt=\"\" \/>\n\t\t<\/a>\t<\/div>\n<\/div>\n\t<div class=\"vp-portfolio__item-overlay\">\n\t\t\t<a\n\t\thref=\"https:\/\/grupocascadia.com.mx\/wp-content\/uploads\/2025\/09\/Fachada_Mod_01_V2_P-scaled.png\"\n\t\ttabindex=\"-1\" class=\"vp-portfolio__item-meta\" \t>\n\t\t\t<\/a>\t<\/div>\n\t\t\t\t<\/figure>\n\t\t\t\t\t<\/div>\n\t\t\n<\/div>\n\t\t<\/div>\n\t\t\n<\/div>\n<\/div>\n\n\n<hr class=\"wp-block-separator has-alpha-channel-opacity\"\/>\n\n\n\n<p><\/p>\n\n\n\n<details class=\"wp-block-details is-layout-flow wp-block-details-is-layout-flow\"><summary><em>\u201cGrupo Cascadia naci\u00f3 con la visi\u00f3n de transformar proyectos en experiencias arquitect\u00f3nicas \u00fanicas.\u201d<\/em><\/summary>\n<p><\/p>\n<\/details>\n\n\n\n<p><\/p>\n","protected":false},"excerpt":{"rendered":"<p> [&hellip;]<\/p>\n","protected":false},"author":1,"featured_media":0,"parent":0,"menu_order":0,"comment_status":"closed","ping_status":"closed","template":"","meta":{"_uag_custom_page_level_css":"","_vp_format_video_url":"","_vp_image_focal_point":[],"footnotes":""},"class_list":["post-9","page","type-page","status-publish","hentry"],"aioseo_notices":[],"uagb_featured_image_src":{"full":false,"thumbnail":false,"medium":false,"medium_large":false,"large":false,"1536x1536":false,"2048x2048":false,"vp_sm":false,"vp_md":false,"vp_lg":false,"vp_xl":false,"vp_sm_popup":false,"vp_md_popup":false,"vp_xl_popup":false,"wpvr_mobile":false},"uagb_author_info":{"display_name":"cascadia.arq@gmail.com","author_link":"https:\/\/grupocascadia.com.mx\/?author=1"},"uagb_comment_info":0,"uagb_excerpt":"[&hellip;]","_links":{"self":[{"href":"https:\/\/grupocascadia.com.mx\/index.php?rest_route=\/wp\/v2\/pages\/9","targetHints":{"allow":["GET"]}}],"collection":[{"href":"https:\/\/grupocascadia.com.mx\/index.php?rest_route=\/wp\/v2\/pages"}],"about":[{"href":"https:\/\/grupocascadia.com.mx\/index.php?rest_route=\/wp\/v2\/types\/page"}],"author":[{"embeddable":true,"href":"https:\/\/grupocascadia.com.mx\/index.php?rest_route=\/wp\/v2\/users\/1"}],"replies":[{"embeddable":true,"href":"https:\/\/grupocascadia.com.mx\/index.php?rest_route=%2Fwp%2Fv2%2Fcomments&post=9"}],"version-history":[{"count":19,"href":"https:\/\/grupocascadia.com.mx\/index.php?rest_route=\/wp\/v2\/pages\/9\/revisions"}],"predecessor-version":[{"id":1846,"href":"https:\/\/grupocascadia.com.mx\/index.php?rest_route=\/wp\/v2\/pages\/9\/revisions\/1846"}],"wp:attachment":[{"href":"https:\/\/grupocascadia.com.mx\/index.php?rest_route=%2Fwp%2Fv2%2Fmedia&parent=9"}],"curies":[{"name":"wp","href":"https:\/\/api.w.org\/{rel}","templated":true}]}}